{"id":10,"date":"2025-09-26T08:43:32","date_gmt":"2025-09-26T08:43:32","guid":{"rendered":"https:\/\/haven-home.fr\/?page_id=10"},"modified":"2026-03-17T12:55:19","modified_gmt":"2026-03-17T12:55:19","slug":"a-propos-haven-home-antibes","status":"publish","type":"page","link":"https:\/\/haven-home.fr\/index.php\/a-propos-haven-home-antibes\/","title":{"rendered":"A propos"},"content":{"rendered":"<p>[et_pb_section fb_built=\u00a0\u00bb1&Prime; _builder_version=\u00a0\u00bb4.27.4&Prime; _module_preset=\u00a0\u00bbdefault\u00a0\u00bb background_color=\u00a0\u00bb#faefe1&Prime; custom_margin=\u00a0\u00bb||-64px|||\u00a0\u00bb custom_padding=\u00a0\u00bb0px||0px|||\u00a0\u00bb global_colors_info=\u00a0\u00bb{}\u00a0\u00bb][et_pb_row _builder_version=\u00a0\u00bb4.27.5&Prime; _module_preset=\u00a0\u00bbdefault\u00a0\u00bb custom_padding=\u00a0\u00bb22px|||||\u00a0\u00bb global_colors_info=\u00a0\u00bb{}\u00a0\u00bb][et_pb_column type=\u00a0\u00bb4_4&Prime; _builder_version=\u00a0\u00bb4.27.5&Prime; _module_preset=\u00a0\u00bbdefault\u00a0\u00bb global_colors_info=\u00a0\u00bb{}\u00a0\u00bb][et_pb_text _builder_version=\u00a0\u00bb4.27.5&Prime; _module_preset=\u00a0\u00bbdefault\u00a0\u00bb text_font=\u00a0\u00bbMontserrat|500|||||||\u00a0\u00bb text_text_color=\u00a0\u00bb#ceb352&Prime; text_font_size=\u00a0\u00bb32px\u00a0\u00bb custom_margin=\u00a0\u00bb2px|||||\u00a0\u00bb global_colors_info=\u00a0\u00bb{}\u00a0\u00bb]<\/p>\n<p style=\"text-align: center;\"><span>Une approche humaine et responsable<\/span><\/p>\n<p>[\/et_pb_text][et_pb_text _builder_version=\u00a0\u00bb4.27.6&Prime; _module_preset=\u00a0\u00bbdefault\u00a0\u00bb text_font=\u00a0\u00bbNunito|300|||||||\u00a0\u00bb text_font_size=\u00a0\u00bb18px\u00a0\u00bb text_line_height=\u00a0\u00bb1.4em\u00a0\u00bb custom_margin=\u00a0\u00bb20px|||||\u00a0\u00bb hover_enabled=\u00a0\u00bb0&Prime; global_colors_info=\u00a0\u00bb{}\u00a0\u00bb sticky_enabled=\u00a0\u00bb0&Prime;]<\/p>\n<p style=\"text-align: justify;\"><span>Haven Home est une conciergerie ind\u00e9pendante, implant\u00e9e \u00e0 Antibes, qui privil\u00e9gie la proximit\u00e9, la transparence et la qualit\u00e9 du service. <\/span><span>Nous faisons le choix de :<\/span><\/p>\n<p><span>&#8211; g\u00e9rer un nombre limit\u00e9 de biens,<\/span><\/p>\n<p><span>&#8211; assurer un suivi personnalis\u00e9,<\/span><\/p>\n<p><span>&#8211; \u00eatre disponibles et r\u00e9actifs,<\/span><\/p>\n<p><span>&#8211; et consid\u00e9rer chaque logement comme unique.<\/span><\/p>\n<p><strong>Votre bien n\u2019est pas un simple logement \u00e0 louer. C\u2019est un patrimoine \u00e0 valoriser.<\/strong><\/p>\n<p>[\/et_pb_text][\/et_pb_column][\/et_pb_row][et_pb_row column_structure=\u00a0\u00bb1_2,1_2&Prime; _builder_version=\u00a0\u00bb4.27.5&Prime; min_height=\u00a0\u00bb464.2px\u00a0\u00bb custom_margin=\u00a0\u00bb0.1%|auto|0.1%|auto|true|false\u00a0\u00bb custom_padding=\u00a0\u00bb30px||0px||false|false\u00a0\u00bb global_colors_info=\u00a0\u00bb{}\u00a0\u00bb][et_pb_column type=\u00a0\u00bb1_2&Prime; _builder_version=\u00a0\u00bb4.27.4&Prime; border_color_all=\u00a0\u00bb#ceb352&Prime; global_colors_info=\u00a0\u00bb{}\u00a0\u00bb][et_pb_image src=\u00a0\u00bbhttps:\/\/haven-home.fr\/wp-content\/uploads\/2026\/01\/Photo1.jpg\u00a0\u00bb _builder_version=\u00a0\u00bb4.27.5&Prime; _module_preset=\u00a0\u00bbdefault\u00a0\u00bb custom_margin=\u00a0\u00bb6px||29px|||\u00a0\u00bb global_colors_info=\u00a0\u00bb{}\u00a0\u00bb][\/et_pb_image][\/et_pb_column][et_pb_column type=\u00a0\u00bb1_2&Prime; _builder_version=\u00a0\u00bb4.27.4&Prime; custom_padding=\u00a0\u00bb||80px||false|false\u00a0\u00bb global_colors_info=\u00a0\u00bb{}\u00a0\u00bb][et_pb_text module_id=\u00a0\u00bbmise-en-place\u00a0\u00bb _builder_version=\u00a0\u00bb4.27.5&Prime; text_font_size=\u00a0\u00bb18px\u00a0\u00bb text_letter_spacing=\u00a0\u00bb1px\u00a0\u00bb text_line_height=\u00a0\u00bb1.4em\u00a0\u00bb header_font=\u00a0\u00bbNunito||||||||\u00a0\u00bb header_text_color=\u00a0\u00bb#E09900&Prime; header_font_size=\u00a0\u00bb22px\u00a0\u00bb header_2_font=\u00a0\u00bbMontserrat|500|||||||\u00a0\u00bb header_2_text_align=\u00a0\u00bbjustify\u00a0\u00bb header_2_text_color=\u00a0\u00bb#ceb352&Prime; header_2_font_size=\u00a0\u00bb32px\u00a0\u00bb header_4_font=\u00a0\u00bb|700||on|||||\u00a0\u00bb text_orientation=\u00a0\u00bbcenter\u00a0\u00bb custom_margin=\u00a0\u00bb-41px|||||\u00a0\u00bb header_2_font_size_phone=\u00a0\u00bb26px\u00a0\u00bb locked=\u00a0\u00bboff\u00a0\u00bb global_colors_info=\u00a0\u00bb{}\u00a0\u00bb]<\/p>\n<h2>Julien, au service de s\u00e9jours m\u00e9morables<\/h2>\n<p>[\/et_pb_text][et_pb_text _builder_version=\u00a0\u00bb4.27.6&Prime; text_font=\u00a0\u00bbNunito|300|||||||\u00a0\u00bb text_text_color=\u00a0\u00bb#162b38&Prime; text_font_size=\u00a0\u00bb18px\u00a0\u00bb text_line_height=\u00a0\u00bb1.8em\u00a0\u00bb header_font=\u00a0\u00bbMulish||||||||\u00a0\u00bb max_width=\u00a0\u00bb507px\u00a0\u00bb min_height=\u00a0\u00bb113px\u00a0\u00bb custom_margin=\u00a0\u00bb-21px|-5px||||\u00a0\u00bb hover_enabled=\u00a0\u00bb0&Prime; locked=\u00a0\u00bboff\u00a0\u00bb global_colors_info=\u00a0\u00bb{}\u00a0\u00bb sticky_enabled=\u00a0\u00bb0&Prime;]<\/p>\n<p style=\"text-align: justify;\">Form\u00e9 sur le terrain, en France et \u00e0 l\u2019\u00e9tranger (notamment en Colombie), dans le tourisme, j\u2019ai appris ce qui fait<strong> un s\u00e9jour r\u00e9ussi<\/strong> : un accueil simple et chaleureux, des d\u00e9tails qui comptent, des attentions, une r\u00e9activit\u00e9 sans faille et, surtout, l\u2019art de rendre l\u2019exp\u00e9rience inoubliable.<\/p>\n<p style=\"text-align: justify;\">J\u2019ai ensuite bonifi\u00e9 mon parcours avec des comp\u00e9tences en marketing digital qui m\u2019ont donn\u00e9 les bons r\u00e9flexes pour transformer cette qualit\u00e9 de terrain en r\u00e9sultats : comprendre finement l<strong>es attentes d\u2019une client\u00e8le<\/strong>, positionner un produit\/service, raconter la bonne histoire, ajuster les tarifs \u00e0 la demande locale et suivre des r\u00e9sultats concrets.<\/p>\n<p style=\"text-align: justify;\">Je r\u00e9unis ces deux expertises avec Haven Home Antibes pour un objectif simple : <strong>permettre aux propri\u00e9taires de louer sereinement, sans sacrifier leur temps ni la qualit\u00e9 de l\u2019exp\u00e9rience voyageurs.<\/strong><\/p>\n<p>[\/et_pb_text][\/et_pb_column][\/et_pb_row][\/et_pb_section][et_pb_section fb_built=\u00a0\u00bb1&Prime; _builder_version=\u00a0\u00bb4.27.4&Prime; _module_preset=\u00a0\u00bbdefault\u00a0\u00bb background_color=\u00a0\u00bb#faefe1&Prime; width=\u00a0\u00bb100%\u00a0\u00bb min_height=\u00a0\u00bb550.1px\u00a0\u00bb custom_margin=\u00a0\u00bb-85px||-2px||false|false\u00a0\u00bb custom_padding=\u00a0\u00bb3px||0px|||\u00a0\u00bb global_colors_info=\u00a0\u00bb{}\u00a0\u00bb][et_pb_row column_structure=\u00a0\u00bb1_2,1_2&Prime; _builder_version=\u00a0\u00bb4.25.1&Prime; _module_preset=\u00a0\u00bbdefault\u00a0\u00bb width=\u00a0\u00bb80.2%\u00a0\u00bb custom_padding=\u00a0\u00bb||87px|||\u00a0\u00bb global_colors_info=\u00a0\u00bb{}\u00a0\u00bb][et_pb_column type=\u00a0\u00bb1_2&Prime; _builder_version=\u00a0\u00bb4.25.1&Prime; _module_preset=\u00a0\u00bbdefault\u00a0\u00bb global_colors_info=\u00a0\u00bb{}\u00a0\u00bb][et_pb_text module_id=\u00a0\u00bbmise-en-place\u00a0\u00bb _builder_version=\u00a0\u00bb4.27.5&Prime; text_font_size=\u00a0\u00bb18px\u00a0\u00bb text_letter_spacing=\u00a0\u00bb1px\u00a0\u00bb text_line_height=\u00a0\u00bb1.4em\u00a0\u00bb header_font=\u00a0\u00bbNunito||||||||\u00a0\u00bb header_text_color=\u00a0\u00bb#E09900&Prime; header_font_size=\u00a0\u00bb22px\u00a0\u00bb header_2_font=\u00a0\u00bbMontserrat|&#8211;et_global_heading_font_weight|||||||\u00a0\u00bb header_2_text_align=\u00a0\u00bbjustify\u00a0\u00bb header_2_text_color=\u00a0\u00bb#ceb352&Prime; header_2_font_size=\u00a0\u00bb32px\u00a0\u00bb header_4_font=\u00a0\u00bb|700||on|||||\u00a0\u00bb text_orientation=\u00a0\u00bbcenter\u00a0\u00bb custom_margin=\u00a0\u00bb-41px|||||\u00a0\u00bb custom_padding=\u00a0\u00bb65px|||||\u00a0\u00bb header_2_font_size_phone=\u00a0\u00bb26px\u00a0\u00bb locked=\u00a0\u00bboff\u00a0\u00bb global_colors_info=\u00a0\u00bb{}\u00a0\u00bb]<\/p>\n<h2>Mes valeurs<\/h2>\n<p style=\"text-align: left;\"><em>\u00a0\u00bb La valeur d\u2019un homme r\u00e9side dans sa capacit\u00e9 \u00e0 donner, pas dans sa capacit\u00e9 \u00e0 recevoir \u00ab\u00a0<\/em><\/p>\n<p>[\/et_pb_text][et_pb_text _builder_version=\u00a0\u00bb4.27.5&Prime; _module_preset=\u00a0\u00bb9a59c9ba-a2da-4e8b-b775-e3d3dfc1a316&Prime; text_font=\u00a0\u00bbNunito|300|||||||\u00a0\u00bb text_text_color=\u00a0\u00bb#000000&Prime; text_font_size=\u00a0\u00bb18px\u00a0\u00bb header_font=\u00a0\u00bbMulish||||||||\u00a0\u00bb max_width=\u00a0\u00bb507px\u00a0\u00bb min_height=\u00a0\u00bb113px\u00a0\u00bb custom_margin=\u00a0\u00bb-21px|-5px||||\u00a0\u00bb text_font_size_phone=\u00a0\u00bb18px\u00a0\u00bb locked=\u00a0\u00bboff\u00a0\u00bb global_colors_info=\u00a0\u00bb{}\u00a0\u00bb]<\/p>\n<p data-start=\"228\" data-end=\"460\">Mes valeurs sont simples et guident chacune de mes d\u00e9cisions : <strong data-start=\"291\" data-end=\"329\">honn\u00eatet\u00e9, fiabilit\u00e9 et engagement<\/strong>. Lorsque vous me confiez votre logement, je m\u2019investis pleinement, avec s\u00e9rieux et d\u00e9termination jusqu\u2019\u00e0 atteindre l\u2019objectif fix\u00e9.<\/p>\n<p data-start=\"462\" data-end=\"673\">J\u2019\u00e9coute vos besoins, j\u2019agis\u00a0 en cons\u00e9quence, et je reste disponible et r\u00e9actif. Je ne vends pas de r\u00eave inutilement. La seule chose que je peux vous promettre, c\u2019est<strong> de m\u2019occuper de votre bien comme si c\u2019\u00e9tait le mien.<\/strong><\/p>\n<p data-start=\"675\" data-end=\"833\">Mon moteur est d&rsquo;offrir aux voyageurs une <strong>exp\u00e9rience m\u00e9morable<\/strong> et permettre aux propri\u00e9taires d\u2019\u00eatre <strong>sereins<\/strong>, confiants et fiers de leur bien.<\/p>\n<p>[\/et_pb_text][\/et_pb_column][et_pb_column type=\u00a0\u00bb1_2&Prime; _builder_version=\u00a0\u00bb4.25.1&Prime; _module_preset=\u00a0\u00bbdefault\u00a0\u00bb global_colors_info=\u00a0\u00bb{}\u00a0\u00bb][et_pb_blurb image=\u00a0\u00bbhttps:\/\/haven-home.fr\/wp-content\/uploads\/2025\/10\/8078244.jpg\u00a0\u00bb content_max_width=\u00a0\u00bb79%\u00a0\u00bb _builder_version=\u00a0\u00bb4.27.4&Prime; header_level=\u00a0\u00bbh3&Prime; header_font=\u00a0\u00bbMulish||||||||\u00a0\u00bb header_text_align=\u00a0\u00bbright\u00a0\u00bb header_font_size=\u00a0\u00bb24px\u00a0\u00bb header_line_height=\u00a0\u00bb1.2em\u00a0\u00bb transform_translate=\u00a0\u00bb-10%|-10%\u00a0\u00bb text_orientation=\u00a0\u00bbright\u00a0\u00bb width=\u00a0\u00bb100%\u00a0\u00bb max_width=\u00a0\u00bb100%\u00a0\u00bb min_height=\u00a0\u00bb100px\u00a0\u00bb height=\u00a0\u00bb253px\u00a0\u00bb max_height=\u00a0\u00bb1000px\u00a0\u00bb custom_margin=\u00a0\u00bb10px|4px|2px|10px|false|false\u00a0\u00bb custom_padding=\u00a0\u00bb100px|0px|10px|30px|false|false\u00a0\u00bb animation_style=\u00a0\u00bbslide\u00a0\u00bb animation_direction=\u00a0\u00bbbottom\u00a0\u00bb animation_duration=\u00a0\u00bb700ms\u00a0\u00bb animation_intensity_slide=\u00a0\u00bb2%\u00a0\u00bb animation=\u00a0\u00bboff\u00a0\u00bb header_font_size_tablet=\u00a0\u00bb28px\u00a0\u00bb header_font_size_phone=\u00a0\u00bb22px\u00a0\u00bb header_font_size_last_edited=\u00a0\u00bbon|phone\u00a0\u00bb border_color_all=\u00a0\u00bb#000000&Prime; locked=\u00a0\u00bboff\u00a0\u00bb global_colors_info=\u00a0\u00bb{}\u00a0\u00bb][\/et_pb_blurb][\/et_pb_column][\/et_pb_row][\/et_pb_section][et_pb_section fb_built=\u00a0\u00bb1&Prime; admin_label=\u00a0\u00bbCall to Action\u00a0\u00bb _builder_version=\u00a0\u00bb4.27.4&Prime; _module_preset=\u00a0\u00bbdefault\u00a0\u00bb background_color=\u00a0\u00bb#faefe1&Prime; use_background_color_gradient=\u00a0\u00bbon\u00a0\u00bb background_color_gradient_stops=\u00a0\u00bbrgba(0,0,0,0.8) 0%|rgba(0,0,0,0) 100%\u00a0\u00bb background_color_gradient_overlays_image=\u00a0\u00bbon\u00a0\u00bb background_enable_image=\u00a0\u00bboff\u00a0\u00bb parallax=\u00a0\u00bbon\u00a0\u00bb width=\u00a0\u00bb100%\u00a0\u00bb min_height=\u00a0\u00bb100px\u00a0\u00bb height=\u00a0\u00bb336px\u00a0\u00bb custom_margin=\u00a0\u00bb||0px||false|false\u00a0\u00bb custom_padding=\u00a0\u00bb0px||0px||false|false\u00a0\u00bb collapsed=\u00a0\u00bbon\u00a0\u00bb global_colors_info=\u00a0\u00bb{}\u00a0\u00bb][et_pb_row _builder_version=\u00a0\u00bb4.17.4&Prime; _module_preset=\u00a0\u00bbdefault\u00a0\u00bb width=\u00a0\u00bb60%\u00a0\u00bb width_tablet=\u00a0\u00bb80%\u00a0\u00bb width_phone=\u00a0\u00bb80%\u00a0\u00bb width_last_edited=\u00a0\u00bbon|tablet\u00a0\u00bb custom_padding=\u00a0\u00bb0px|||||\u00a0\u00bb global_colors_info=\u00a0\u00bb{}\u00a0\u00bb][et_pb_column type=\u00a0\u00bb4_4&Prime; _builder_version=\u00a0\u00bb4.17.4&Prime; _module_preset=\u00a0\u00bbdefault\u00a0\u00bb global_colors_info=\u00a0\u00bb{}\u00a0\u00bb][et_pb_text _builder_version=\u00a0\u00bb4.27.5&Prime; _module_preset=\u00a0\u00bbc8b0b82a-0071-4096-bca4-d68450b57dc9&Prime; text_text_color=\u00a0\u00bb#FFFFFF\u00a0\u00bb header_2_font=\u00a0\u00bbMontserrat|&#8211;et_global_body_font_weight|||||||\u00a0\u00bb header_2_text_color=\u00a0\u00bb#0e2735&Prime; header_2_font_size=\u00a0\u00bb60px\u00a0\u00bb header_2_line_height=\u00a0\u00bb1.2em\u00a0\u00bb text_orientation=\u00a0\u00bbcenter\u00a0\u00bb max_height=\u00a0\u00bb774px\u00a0\u00bb custom_margin=\u00a0\u00bb9px||20px||false|false\u00a0\u00bb custom_padding=\u00a0\u00bb0px||15px||false|false\u00a0\u00bb header_2_font_size_tablet=\u00a0\u00bb40px\u00a0\u00bb header_2_font_size_phone=\u00a0\u00bb36px\u00a0\u00bb header_2_font_size_last_edited=\u00a0\u00bbon|desktop\u00a0\u00bb global_colors_info=\u00a0\u00bb{}\u00a0\u00bb]<\/p>\n<h2>Vous voulez en savoir plus ?<\/h2>\n<p>[\/et_pb_text][et_pb_button button_url=\u00a0\u00bbhttps:\/\/haven-home.fr\/index.php\/contact-haven-home-antibes\/\u00a0\u00bb button_text=\u00a0\u00bbDecouvrez mon approche\u00a0\u00bb button_alignment=\u00a0\u00bbcenter\u00a0\u00bb _builder_version=\u00a0\u00bb4.27.5&Prime; _module_preset=\u00a0\u00bb31b4f027-aaa0-4f2f-ae02-959764e19e4f\u00a0\u00bb custom_button=\u00a0\u00bbon\u00a0\u00bb button_text_size=\u00a0\u00bb22px\u00a0\u00bb button_text_color=\u00a0\u00bb#ffffff\u00a0\u00bb button_bg_color=\u00a0\u00bb#c5a572&Prime; button_bg_enable_image=\u00a0\u00bboff\u00a0\u00bb button_border_width=\u00a0\u00bb2px\u00a0\u00bb button_border_radius=\u00a0\u00bb9px\u00a0\u00bb button_letter_spacing=\u00a0\u00bb-1px\u00a0\u00bb button_font=\u00a0\u00bbPoppins||||||||\u00a0\u00bb button_use_icon=\u00a0\u00bboff\u00a0\u00bb custom_margin=\u00a0\u00bb9px||||false|false\u00a0\u00bb custom_padding=\u00a0\u00bb5px||||false|false\u00a0\u00bb animation_style=\u00a0\u00bbfade\u00a0\u00bb animation_duration=\u00a0\u00bb1200ms\u00a0\u00bb animation_delay=\u00a0\u00bb400ms\u00a0\u00bb sticky_limit_bottom=\u00a0\u00bbsection\u00a0\u00bb global_colors_info=\u00a0\u00bb{}\u00a0\u00bb][\/et_pb_button][\/et_pb_column][\/et_pb_row][\/et_pb_section]<\/p>\n","protected":false},"excerpt":{"rendered":"<p>Une approche humaine et responsableHaven Home est une conciergerie ind\u00e9pendante, implant\u00e9e \u00e0 Antibes, qui privil\u00e9gie la proximit\u00e9, la transparence et la qualit\u00e9 du service. Nous faisons le choix de : &#8211; g\u00e9rer un nombre limit\u00e9 de biens, &#8211; assurer un suivi personnalis\u00e9, &#8211; \u00eatre disponibles et r\u00e9actifs, &#8211; et consid\u00e9rer chaque logement comme unique. Votre [&hellip;]<\/p>\n","protected":false},"author":1,"featured_media":0,"parent":0,"menu_order":0,"comment_status":"closed","ping_status":"closed","template":"","meta":{"_et_pb_use_builder":"on","_et_pb_old_content":"","_et_gb_content_width":"","footnotes":""},"class_list":["post-10","page","type-page","status-publish","hentry"],"_links":{"self":[{"href":"https:\/\/haven-home.fr\/index.php\/wp-json\/wp\/v2\/pages\/10","targetHints":{"allow":["GET"]}}],"collection":[{"href":"https:\/\/haven-home.fr\/index.php\/wp-json\/wp\/v2\/pages"}],"about":[{"href":"https:\/\/haven-home.fr\/index.php\/wp-json\/wp\/v2\/types\/page"}],"author":[{"embeddable":true,"href":"https:\/\/haven-home.fr\/index.php\/wp-json\/wp\/v2\/users\/1"}],"replies":[{"embeddable":true,"href":"https:\/\/haven-home.fr\/index.php\/wp-json\/wp\/v2\/comments?post=10"}],"version-history":[{"count":111,"href":"https:\/\/haven-home.fr\/index.php\/wp-json\/wp\/v2\/pages\/10\/revisions"}],"predecessor-version":[{"id":2654,"href":"https:\/\/haven-home.fr\/index.php\/wp-json\/wp\/v2\/pages\/10\/revisions\/2654"}],"wp:attachment":[{"href":"https:\/\/haven-home.fr\/index.php\/wp-json\/wp\/v2\/media?parent=10"}],"curies":[{"name":"wp","href":"https:\/\/api.w.org\/{rel}","templated":true}]}}