{"id":14,"date":"2025-09-26T08:43:32","date_gmt":"2025-09-26T08:43:32","guid":{"rendered":"https:\/\/haven-home.fr\/?page_id=14"},"modified":"2026-01-29T13:42:04","modified_gmt":"2026-01-29T13:42:04","slug":"louer-son-appartement-en-airbnb","status":"publish","type":"page","link":"https:\/\/haven-home.fr\/index.php\/louer-son-appartement-en-airbnb\/","title":{"rendered":"Blog"},"content":{"rendered":"<p>[et_pb_section fb_built=\u00a0\u00bb1&Prime; admin_label=\u00a0\u00bbHeader &#038; Blog\u00a0\u00bb _builder_version=\u00a0\u00bb4.27.4&Prime; _module_preset=\u00a0\u00bbdefault\u00a0\u00bb background_color=\u00a0\u00bb#faefe1&Prime; min_height=\u00a0\u00bb664.5px\u00a0\u00bb custom_margin=\u00a0\u00bb||-68px|||\u00a0\u00bb locked=\u00a0\u00bboff\u00a0\u00bb collapsed=\u00a0\u00bbon\u00a0\u00bb global_colors_info=\u00a0\u00bb{}\u00a0\u00bb][et_pb_row _builder_version=\u00a0\u00bb4.27.4&Prime; _module_preset=\u00a0\u00bbdefault\u00a0\u00bb global_colors_info=\u00a0\u00bb{}\u00a0\u00bb][et_pb_column type=\u00a0\u00bb4_4&Prime; _builder_version=\u00a0\u00bb4.27.4&Prime; _module_preset=\u00a0\u00bbdefault\u00a0\u00bb global_colors_info=\u00a0\u00bb{}\u00a0\u00bb][et_pb_text content_tablet=\u00a0\u00bb<\/p>\n<h1 style=%22text-align: justify;%22>Est-il toujours possible de louer son appartement en Airbnb<\/h1>\n<p>\u00a0\u00bb content_phone=\u00a0\u00bb<\/p>\n<h1 style=%22text-align: justify;%22>C&rsquo;est toujours possible de faire louer son appartement en Airbnb ?<\/h1>\n<p>\u00a0\u00bb content_last_edited=\u00a0\u00bbon|phone\u00a0\u00bb _builder_version=\u00a0\u00bb4.27.5&Prime; _module_preset=\u00a0\u00bbdefault\u00a0\u00bb text_font=\u00a0\u00bbMulish||||||||\u00a0\u00bb text_font_size=\u00a0\u00bb20px\u00a0\u00bb header_font=\u00a0\u00bbMontserrat|&#8211;et_global_body_font_weight|||||||\u00a0\u00bb header_text_align=\u00a0\u00bbcenter\u00a0\u00bb header_text_color=\u00a0\u00bb#ceb352&Prime; header_font_size=\u00a0\u00bb34px\u00a0\u00bb header_line_height=\u00a0\u00bb1.8em\u00a0\u00bb custom_padding=\u00a0\u00bb29px|||||\u00a0\u00bb hover_enabled=\u00a0\u00bb0&Prime; global_colors_info=\u00a0\u00bb{}\u00a0\u00bb custom_margin=\u00a0\u00bb-44px|||||\u00a0\u00bb sticky_enabled=\u00a0\u00bb0&Prime;]<\/p>\n<h1 style=\"text-align: justify;\">Est-il toujours possible de louer son appartement en Airbnb ?<\/h1>\n<p>[\/et_pb_text][\/et_pb_column][\/et_pb_row][et_pb_row column_structure=\u00a0\u00bb1_3,1_3,1_3&Prime; _builder_version=\u00a0\u00bb4.27.4&Prime; _module_preset=\u00a0\u00bbdefault\u00a0\u00bb custom_margin=\u00a0\u00bb|auto|20px|auto||\u00a0\u00bb global_colors_info=\u00a0\u00bb{}\u00a0\u00bb][et_pb_column type=\u00a0\u00bb1_3&Prime; _builder_version=\u00a0\u00bb4.27.4&Prime; _module_preset=\u00a0\u00bbdefault\u00a0\u00bb global_colors_info=\u00a0\u00bb{}\u00a0\u00bb][et_pb_image src=\u00a0\u00bbhttps:\/\/haven-home.fr\/wp-content\/uploads\/2025\/11\/chateau-d-antibes-et-jardin-central-de-palmiers-et-de-cactus-au-bord-de-la-mer-1.jpg\u00a0\u00bb alt=\u00a0\u00bbLocation Airbnb sur la C\u00f4te d\u2019Azur\u00a0\u00bb title_text=\u00a0\u00bbAntibes castle and central square, palm and cactus garden by the sea\u00a0\u00bb _builder_version=\u00a0\u00bb4.27.4&Prime; _module_preset=\u00a0\u00bbdefault\u00a0\u00bb border_radii=\u00a0\u00bbon|10px|10px|10px|10px\u00a0\u00bb border_width_all=\u00a0\u00bb2px\u00a0\u00bb border_color_all=\u00a0\u00bb#0e2735&Prime; global_colors_info=\u00a0\u00bb{}\u00a0\u00bb][\/et_pb_image][\/et_pb_column][et_pb_column type=\u00a0\u00bb1_3&Prime; _builder_version=\u00a0\u00bb4.27.4&Prime; _module_preset=\u00a0\u00bbdefault\u00a0\u00bb global_colors_info=\u00a0\u00bb{}\u00a0\u00bb][et_pb_image src=\u00a0\u00bbhttps:\/\/haven-home.fr\/wp-content\/uploads\/2025\/11\/salon-confortable-d-un-appartement-moderne-scaled.jpg\u00a0\u00bb alt=\u00a0\u00bbGestion  d\u2019un appartement en Airbnb \u00e0 Antibes\u00a0\u00bb title_text=\u00a0\u00bbCozy living room of a modern apartment\u00a0\u00bb _builder_version=\u00a0\u00bb4.27.4&Prime; _module_preset=\u00a0\u00bbdefault\u00a0\u00bb border_radii=\u00a0\u00bbon|10px|10px|10px|10px\u00a0\u00bb border_width_all=\u00a0\u00bb2px\u00a0\u00bb border_color_all=\u00a0\u00bb#0e2735&Prime; global_colors_info=\u00a0\u00bb{}\u00a0\u00bb][\/et_pb_image][\/et_pb_column][et_pb_column type=\u00a0\u00bb1_3&Prime; _builder_version=\u00a0\u00bb4.27.4&Prime; _module_preset=\u00a0\u00bbdefault\u00a0\u00bb global_colors_info=\u00a0\u00bb{}\u00a0\u00bb][et_pb_image src=\u00a0\u00bbhttps:\/\/haven-home.fr\/wp-content\/uploads\/2025\/11\/femme-signature-des-documents-dans-le-salon-scaled.jpg\u00a0\u00bb alt=\u00a0\u00bbLouer son appartement en Airbnb\u00a0\u00bb title_text=\u00a0\u00bbLouer son appartement en Airbnb\u00a0\u00bb _builder_version=\u00a0\u00bb4.27.4&Prime; _module_preset=\u00a0\u00bbdefault\u00a0\u00bb border_radii=\u00a0\u00bbon|10px|10px|10px|10px\u00a0\u00bb border_width_all=\u00a0\u00bb2px\u00a0\u00bb border_color_all=\u00a0\u00bb#0e2735&Prime; global_colors_info=\u00a0\u00bb{}\u00a0\u00bb][\/et_pb_image][\/et_pb_column][\/et_pb_row][et_pb_row _builder_version=\u00a0\u00bb4.27.4&Prime; _module_preset=\u00a0\u00bbdefault\u00a0\u00bb global_colors_info=\u00a0\u00bb{}\u00a0\u00bb custom_padding=\u00a0\u00bb||0px|||\u00a0\u00bb][et_pb_column type=\u00a0\u00bb4_4&Prime; _builder_version=\u00a0\u00bb4.27.4&Prime; _module_preset=\u00a0\u00bbdefault\u00a0\u00bb global_colors_info=\u00a0\u00bb{}\u00a0\u00bb][et_pb_text _builder_version=\u00a0\u00bb4.27.5&Prime; _module_preset=\u00a0\u00bbdefault\u00a0\u00bb text_font=\u00a0\u00bbNunito|300|||||||\u00a0\u00bb text_text_color=\u00a0\u00bb#0e2735&Prime; text_font_size=\u00a0\u00bb18px\u00a0\u00bb text_line_height=\u00a0\u00bb1.8em\u00a0\u00bb header_font=\u00a0\u00bbMulish||||||||\u00a0\u00bb header_font_size=\u00a0\u00bb43px\u00a0\u00bb custom_margin=\u00a0\u00bb||49px|||\u00a0\u00bb hover_enabled=\u00a0\u00bb0&Prime; global_colors_info=\u00a0\u00bb{}\u00a0\u00bb sticky_enabled=\u00a0\u00bb0&Prime;]<\/p>\n<p data-start=\"454\" data-end=\"754\" style=\"text-align: justify;\">Si vous vous posez cette question, rassurez-vous : vous n\u2019\u00eates pas <strong>seul.<\/strong><br data-start=\"526\" data-end=\"529\" \/>\u00c0 Antibes, beaucoup de propri\u00e9taires s&rsquo;interrogent encore sur ce qui est vraiment possible, entre la r\u00e9glementation qui \u00e9volue, les obligations parfois floues et la gestion quotidienne qui peut rapidement devenir chronophage.<\/p>\n<p data-start=\"756\" data-end=\"1066\" style=\"text-align: justify;\">Bienvenue sur le blog Haven Home : un espace pens\u00e9 pour vous aider \u00e0 <strong>comprendre, avancer, d\u00e9cider\u00a0 et surtout louer sereinement<\/strong>. Notre ambition est simple : vous offrir des informations claires, des conseils locaux et une approche profond\u00e9ment humaine de la location saisonni\u00e8re, sans jargon et sans stress.<\/p>\n<p data-start=\"1068\" data-end=\"1340\" style=\"text-align: justify;\">Car oui, <strong data-start=\"1077\" data-end=\"1144\">louer son appartement en Airbnb \u00e0 Antibes est toujours possible<\/strong>, et m\u00eame tr\u00e8s int\u00e9ressant lorsque c\u2019est bien fait.<br data-start=\"1195\" data-end=\"1198\" \/>Mais le faire correctement, durablement et avec tranquillit\u00e9 d\u2019esprit demande <strong data-start=\"1276\" data-end=\"1293\">de la m\u00e9thode<\/strong>, du temps\u2026 et surtout les bonnes informations.<\/p>\n<p data-start=\"1342\" data-end=\"1525\" style=\"text-align: justify;\">Et c\u2019est exactement ce que vous trouverez ici : une ressource fiable, accessible et pens\u00e9e sp\u00e9cialement pour les propri\u00e9taires qui veulent louer efficacement, sans se sentir d\u00e9pass\u00e9s.<\/p>\n<p>[\/et_pb_text][\/et_pb_column][\/et_pb_row][et_pb_row _builder_version=\u00a0\u00bb4.27.4&Prime; _module_preset=\u00a0\u00bbdefault\u00a0\u00bb global_colors_info=\u00a0\u00bb{}\u00a0\u00bb custom_padding=\u00a0\u00bb0px|||||\u00a0\u00bb][et_pb_column type=\u00a0\u00bb4_4&Prime; _builder_version=\u00a0\u00bb4.27.4&Prime; _module_preset=\u00a0\u00bbdefault\u00a0\u00bb global_colors_info=\u00a0\u00bb{}\u00a0\u00bb][et_pb_text _builder_version=\u00a0\u00bb4.27.5&Prime; _module_preset=\u00a0\u00bbdefault\u00a0\u00bb text_font=\u00a0\u00bbMulish||||||||\u00a0\u00bb text_font_size=\u00a0\u00bb20px\u00a0\u00bb header_font=\u00a0\u00bbMulish|300|||||||\u00a0\u00bb header_text_align=\u00a0\u00bbcenter\u00a0\u00bb header_text_color=\u00a0\u00bb#ceb352&Prime; header_font_size=\u00a0\u00bb42px\u00a0\u00bb header_letter_spacing=\u00a0\u00bb1px\u00a0\u00bb header_line_height=\u00a0\u00bb1.2em\u00a0\u00bb header_2_text_align=\u00a0\u00bbcenter\u00a0\u00bb header_2_text_color=\u00a0\u00bb#ceb352&Prime; header_2_font_size=\u00a0\u00bb34px\u00a0\u00bb header_2_letter_spacing=\u00a0\u00bb1px\u00a0\u00bb hover_enabled=\u00a0\u00bb0&Prime; global_colors_info=\u00a0\u00bb{}\u00a0\u00bb header_2_font=\u00a0\u00bbMontserrat|&#8211;et_global_body_font_weight|||||||\u00a0\u00bb sticky_enabled=\u00a0\u00bb0&Prime;]<\/p>\n<h2 style=\"text-align: justify;\">3 raisons d\u2019\u00eatre accompagn\u00e9 pour louer en Airbnb<\/h2>\n<p>[\/et_pb_text][et_pb_text _builder_version=\u00a0\u00bb4.27.5&Prime; _module_preset=\u00a0\u00bbdefault\u00a0\u00bb text_text_color=\u00a0\u00bb#0e2536&Prime; text_font_size=\u00a0\u00bb18px\u00a0\u00bb text_line_height=\u00a0\u00bb1.8em\u00a0\u00bb header_font=\u00a0\u00bbMulish||||||||\u00a0\u00bb header_font_size=\u00a0\u00bb43px\u00a0\u00bb header_3_font=\u00a0\u00bbNunito|300|||||||\u00a0\u00bb header_3_text_color=\u00a0\u00bb#0e2735&Prime; header_3_font_size=\u00a0\u00bb18px\u00a0\u00bb header_3_line_height=\u00a0\u00bb1.8em\u00a0\u00bb custom_margin=\u00a0\u00bb||2px|||\u00a0\u00bb hover_enabled=\u00a0\u00bb0&Prime; global_colors_info=\u00a0\u00bb{}\u00a0\u00bb text_font=\u00a0\u00bbNunito|300|||||||\u00a0\u00bb sticky_enabled=\u00a0\u00bb0&Prime;]<\/p>\n<h3 data-start=\"1850\" data-end=\"1914\" style=\"text-align: justify;\"><strong data-start=\"1854\" data-end=\"1912\">1. La r\u00e9glementation locale \u00e9volue\u2026 et peut surprendre<\/strong><\/h3>\n<p data-start=\"1915\" data-end=\"2316\" style=\"text-align: justify;\">\u00c0 Antibes, certaines d\u00e9marches sont indispensables : d\u00e9claration en mairie, taxe de s\u00e9jour, r\u00e8gles selon les zones, copropri\u00e9t\u00e9, changement potentiel de r\u00e8glement int\u00e9rieur\u2026 Ces obligations ne sont pas compliqu\u00e9es, mais elles doivent \u00eatre respect\u00e9es pour louer sereinement. Le d\u00e9fi, c\u2019est qu\u2019elles \u00e9voluent r\u00e9guli\u00e8rement, et qu\u2019un simple oubli peut cr\u00e9er un blocage ou un malentendu administratif.<\/p>\n<p data-start=\"2318\" data-end=\"2531\" style=\"text-align: justify;\">\u00catre accompagn\u00e9, c\u2019est \u00e9viter les erreurs, les interpr\u00e9tations approximatives et les pertes de temps. C\u2019est aussi profiter d\u2019une veille r\u00e9glementaire locale, que vous n\u2019auriez jamais le temps de faire vous-m\u00eame.<\/p>\n<h3 data-start=\"2533\" data-end=\"2606\" style=\"text-align: justify;\"><strong data-start=\"2537\" data-end=\"2604\">2. L\u2019exp\u00e9rience voyageurs influence r\u00e9ellement vos r\u00e9servations<\/strong><\/h3>\n<p data-start=\"2607\" data-end=\"2845\" style=\"text-align: justify;\">Aujourd\u2019hui, les voyageurs comparent tout : propret\u00e9, confort, communication, r\u00e9activit\u00e9, ambiance, petites attentions\u2026<br data-start=\"2726\" data-end=\"2729\" \/>Et sur une destination tr\u00e8s recherch\u00e9e comme Antibes, la qualit\u00e9 per\u00e7ue du s\u00e9jour cr\u00e9e imm\u00e9diatement une diff\u00e9rence.<\/p>\n<p data-start=\"2847\" data-end=\"3171\" style=\"text-align: justify;\">Un accompagnement vous aide \u00e0 structurer cette exp\u00e9rience :<br data-start=\"2906\" data-end=\"2909\" \/>pr\u00e9paration du logement, check-in clair, pr\u00e9sence discr\u00e8te mais rassurante, conseils locaux \u00e0 transmettre, d\u00e9tails qui font la diff\u00e9rence. Un bon s\u00e9jour = de bons avis = plus de r\u00e9servations. C\u2019est un cercle vertueux\u2026 qu\u2019on construit rarement seul au d\u00e9part.<\/p>\n<h3 data-start=\"3173\" data-end=\"3237\" style=\"text-align: justify;\"><strong data-start=\"3177\" data-end=\"3235\">3. La gestion demande plus de temps qu\u2019on ne l\u2019imagine<\/strong><\/h3>\n<p data-start=\"3238\" data-end=\"3526\" style=\"text-align: justify;\">La location saisonni\u00e8re, ce n\u2019est pas seulement remettre les cl\u00e9s. C\u2019est r\u00e9pondre aux messages, organiser les arriv\u00e9es et d\u00e9parts, v\u00e9rifier les \u00e9quipements, g\u00e9rer les impr\u00e9vus, s\u2019assurer que tout fonctionne, communiquer avec la copropri\u00e9t\u00e9, anticiper la saison, actualiser son annonce\u2026<\/p>\n<p data-start=\"3528\" data-end=\"3763\" style=\"text-align: justify;\">Sans accompagnement, tout repose sur vous. Avec un accompagnement humain et local, vous gardez la libert\u00e9 sans porter la charge mentale.<br data-start=\"3666\" data-end=\"3669\" \/>C\u2019est une mani\u00e8re plus douce\u00a0 et plus durable\u00a0 de louer son appartement en Airbnb \u00e0 Antibes<\/p>\n<p>[\/et_pb_text][\/et_pb_column][\/et_pb_row][et_pb_row _builder_version=\u00a0\u00bb4.27.4&Prime; _module_preset=\u00a0\u00bbdefault\u00a0\u00bb global_colors_info=\u00a0\u00bb{}\u00a0\u00bb][et_pb_column type=\u00a0\u00bb4_4&Prime; _builder_version=\u00a0\u00bb4.27.4&Prime; _module_preset=\u00a0\u00bbdefault\u00a0\u00bb global_colors_info=\u00a0\u00bb{}\u00a0\u00bb][et_pb_text _builder_version=\u00a0\u00bb4.27.5&Prime; _module_preset=\u00a0\u00bbdefault\u00a0\u00bb text_font=\u00a0\u00bbMulish||||||||\u00a0\u00bb text_font_size=\u00a0\u00bb20px\u00a0\u00bb header_font=\u00a0\u00bbMulish|300|||||||\u00a0\u00bb header_text_align=\u00a0\u00bbcenter\u00a0\u00bb header_text_color=\u00a0\u00bb#ceb352&Prime; header_font_size=\u00a0\u00bb42px\u00a0\u00bb header_letter_spacing=\u00a0\u00bb1px\u00a0\u00bb header_line_height=\u00a0\u00bb1.2em\u00a0\u00bb header_2_text_align=\u00a0\u00bbcenter\u00a0\u00bb header_2_text_color=\u00a0\u00bb#ceb352&Prime; header_2_font_size=\u00a0\u00bb34px\u00a0\u00bb header_2_letter_spacing=\u00a0\u00bb1px\u00a0\u00bb hover_enabled=\u00a0\u00bb0&Prime; global_colors_info=\u00a0\u00bb{}\u00a0\u00bb custom_margin=\u00a0\u00bb2px|||||\u00a0\u00bb header_2_font=\u00a0\u00bbMontserrat|&#8211;et_global_body_font_weight|||||||\u00a0\u00bb sticky_enabled=\u00a0\u00bb0&Prime;]<\/p>\n<h2 style=\"text-align: justify;\">Ce que vous trouverez dans nos articles<\/h2>\n<p>[\/et_pb_text][\/et_pb_column][\/et_pb_row][et_pb_row _builder_version=\u00a0\u00bb4.27.4&Prime; _module_preset=\u00a0\u00bbdefault\u00a0\u00bb custom_padding=\u00a0\u00bb0px|||||\u00a0\u00bb global_colors_info=\u00a0\u00bb{}\u00a0\u00bb][et_pb_column type=\u00a0\u00bb4_4&Prime; _builder_version=\u00a0\u00bb4.27.4&Prime; _module_preset=\u00a0\u00bbdefault\u00a0\u00bb global_colors_info=\u00a0\u00bb{}\u00a0\u00bb][et_pb_text _builder_version=\u00a0\u00bb4.27.5&Prime; _module_preset=\u00a0\u00bbdefault\u00a0\u00bb text_font=\u00a0\u00bbNunito|300|||||||\u00a0\u00bb text_text_color=\u00a0\u00bb#0e2735&Prime; text_font_size=\u00a0\u00bb18px\u00a0\u00bb text_line_height=\u00a0\u00bb1.8em\u00a0\u00bb header_font=\u00a0\u00bbMulish||||||||\u00a0\u00bb header_font_size=\u00a0\u00bb43px\u00a0\u00bb custom_margin=\u00a0\u00bb||49px|||\u00a0\u00bb hover_enabled=\u00a0\u00bb0&Prime; global_colors_info=\u00a0\u00bb{}\u00a0\u00bb sticky_enabled=\u00a0\u00bb0&Prime;]<\/p>\n<p style=\"text-align: justify;\">Nos articles ont \u00e9t\u00e9 cr\u00e9\u00e9s pour r\u00e9pondre aux vraies questions que se posent les propri\u00e9taires, qu\u2019ils d\u00e9butent ou qu\u2019ils aient d\u00e9j\u00e0 eu une mauvaise exp\u00e9rience.<\/p>\n<p style=\"text-align: justify;\">Vous y trouverez :<\/p>\n<p style=\"text-align: justify;\">&#8211; les d\u00e9marches essentielles pour louer votre appartement en Airbnb<\/p>\n<p style=\"text-align: justify;\">&#8211; des conseils pr\u00e9cis issus de situations r\u00e9elles sur Antibes et la C\u00f4te d\u2019Azur<\/p>\n<p style=\"text-align: justify;\">&#8211; des astuces pour accueillir sereinement vos voyageurs<\/p>\n<p style=\"text-align: justify;\">&#8211; des erreurs fr\u00e9quentes \u00e0 \u00e9viter d\u00e8s le d\u00e9part<\/p>\n<p style=\"text-align: justify;\">&#8211; des id\u00e9es simples pour am\u00e9liorer votre annonce et votre organisation<\/p>\n<p style=\"text-align: justify;\">&#8211; des checklists pratiques pour ne rien oublier<\/p>\n<p style=\"text-align: justify;\">&#8211; des explications claires sur les obligations, la fiscalit\u00e9 et la r\u00e9glementation locale<\/p>\n<p style=\"text-align: justify;\">Chaque article est con\u00e7u pour vous guider sans vous noyer d\u2019informations. Vous pourrez avancer \u00e0 votre rythme, retrouver facilement les sujets qui vous int\u00e9ressent et appliquer imm\u00e9diatement ce que vous apprenez. Les articles sont juste en dessous : explorez, choisissez, laissez-vous guider.<\/p>\n<p style=\"text-align: justify;\"><em>Haven Home.\u00a0 L\u00e0 o\u00f9 votre bien devient un refuge.<\/em><\/p>\n<p>[\/et_pb_text][\/et_pb_column][\/et_pb_row][\/et_pb_section][et_pb_section fb_built=\u00a0\u00bb1&Prime; _builder_version=\u00a0\u00bb4.27.4&Prime; _module_preset=\u00a0\u00bbdefault\u00a0\u00bb background_color=\u00a0\u00bb#faefe1&Prime; custom_margin=\u00a0\u00bb-1px|||||\u00a0\u00bb custom_padding=\u00a0\u00bb49px|||||\u00a0\u00bb global_colors_info=\u00a0\u00bb{}\u00a0\u00bb][et_pb_row column_structure=\u00a0\u00bb3_4,1_4&Prime; _builder_version=\u00a0\u00bb4.27.4&Prime; _module_preset=\u00a0\u00bbdefault\u00a0\u00bb global_colors_info=\u00a0\u00bb{}\u00a0\u00bb][et_pb_column type=\u00a0\u00bb3_4&Prime; _builder_version=\u00a0\u00bb4.27.4&Prime; _module_preset=\u00a0\u00bbdefault\u00a0\u00bb global_colors_info=\u00a0\u00bb{}\u00a0\u00bb][et_pb_blog fullwidth=\u00a0\u00bboff\u00a0\u00bb include_categories=\u00a0\u00bball\u00a0\u00bb show_more=\u00a0\u00bbon\u00a0\u00bb _builder_version=\u00a0\u00bb4.27.4&Prime; _module_preset=\u00a0\u00bbdefault\u00a0\u00bb header_font=\u00a0\u00bbMulish|600|||||||\u00a0\u00bb header_text_align=\u00a0\u00bbcenter\u00a0\u00bb header_text_color=\u00a0\u00bb#ceb352&Prime; header_font_size=\u00a0\u00bb20px\u00a0\u00bb header_letter_spacing=\u00a0\u00bb1px\u00a0\u00bb header_line_height=\u00a0\u00bb1.1em\u00a0\u00bb meta_font=\u00a0\u00bbPoppins|600|||||||\u00a0\u00bb meta_font_size=\u00a0\u00bb11px\u00a0\u00bb read_more_font=\u00a0\u00bbPoppins||||||||\u00a0\u00bb read_more_text_color=\u00a0\u00bb#ccaf7f\u00a0\u00bb read_more_font_size=\u00a0\u00bb18px\u00a0\u00bb border_radii=\u00a0\u00bboff|20px|20px||\u00a0\u00bb border_radii_image=\u00a0\u00bboff|20px|20px||\u00a0\u00bb box_shadow_style_image=\u00a0\u00bbpreset1&Prime; global_colors_info=\u00a0\u00bb{}\u00a0\u00bb][\/et_pb_blog][\/et_pb_column][et_pb_column type=\u00a0\u00bb1_4&Prime; _builder_version=\u00a0\u00bb4.27.4&Prime; _module_preset=\u00a0\u00bbdefault\u00a0\u00bb global_colors_info=\u00a0\u00bb{}\u00a0\u00bb][et_pb_sidebar orientation=\u00a0\u00bbright\u00a0\u00bb _builder_version=\u00a0\u00bb4.27.4&Prime; _module_preset=\u00a0\u00bbdefault\u00a0\u00bb body_font=\u00a0\u00bbMulish|600|||||||\u00a0\u00bb body_text_color=\u00a0\u00bb#c5a572&Prime; body_font_size=\u00a0\u00bb16px\u00a0\u00bb global_colors_info=\u00a0\u00bb{}\u00a0\u00bb][\/et_pb_sidebar][\/et_pb_column][\/et_pb_row][\/et_pb_section]<\/p>\n","protected":false},"excerpt":{"rendered":"<p>Est-il toujours possible de louer son appartement en Airbnb ?Si vous vous posez cette question, rassurez-vous : vous n\u2019\u00eates pas seul.\u00c0 Antibes, beaucoup de propri\u00e9taires s&rsquo;interrogent encore sur ce qui est vraiment possible, entre la r\u00e9glementation qui \u00e9volue, les obligations parfois floues et la gestion quotidienne qui peut rapidement devenir chronophage. Bienvenue sur le blog [&hellip;]<\/p>\n","protected":false},"author":1,"featured_media":0,"parent":0,"menu_order":0,"comment_status":"closed","ping_status":"closed","template":"","meta":{"_et_pb_use_builder":"on","_et_pb_old_content":"","_et_gb_content_width":"","footnotes":""},"class_list":["post-14","page","type-page","status-publish","hentry"],"_links":{"self":[{"href":"https:\/\/haven-home.fr\/index.php\/wp-json\/wp\/v2\/pages\/14","targetHints":{"allow":["GET"]}}],"collection":[{"href":"https:\/\/haven-home.fr\/index.php\/wp-json\/wp\/v2\/pages"}],"about":[{"href":"https:\/\/haven-home.fr\/index.php\/wp-json\/wp\/v2\/types\/page"}],"author":[{"embeddable":true,"href":"https:\/\/haven-home.fr\/index.php\/wp-json\/wp\/v2\/users\/1"}],"replies":[{"embeddable":true,"href":"https:\/\/haven-home.fr\/index.php\/wp-json\/wp\/v2\/comments?post=14"}],"version-history":[{"count":43,"href":"https:\/\/haven-home.fr\/index.php\/wp-json\/wp\/v2\/pages\/14\/revisions"}],"predecessor-version":[{"id":2525,"href":"https:\/\/haven-home.fr\/index.php\/wp-json\/wp\/v2\/pages\/14\/revisions\/2525"}],"wp:attachment":[{"href":"https:\/\/haven-home.fr\/index.php\/wp-json\/wp\/v2\/media?parent=14"}],"curies":[{"name":"wp","href":"https:\/\/api.w.org\/{rel}","templated":true}]}}