{"id":15,"date":"2025-09-26T08:43:32","date_gmt":"2025-09-26T08:43:32","guid":{"rendered":"https:\/\/haven-home.fr\/?page_id=15"},"modified":"2026-02-10T08:46:47","modified_gmt":"2026-02-10T08:46:47","slug":"contact-haven-home-antibes","status":"publish","type":"page","link":"https:\/\/haven-home.fr\/index.php\/contact-haven-home-antibes\/","title":{"rendered":"Contact"},"content":{"rendered":"<p>[et_pb_section fb_built=\u00a0\u00bb1&Prime; admin_label=\u00a0\u00bbContact\u00a0\u00bb _builder_version=\u00a0\u00bb4.27.4&Prime; _module_preset=\u00a0\u00bbdefault\u00a0\u00bb background_color=\u00a0\u00bb#faefe1&Prime; locked=\u00a0\u00bboff\u00a0\u00bb global_colors_info=\u00a0\u00bb{}\u00a0\u00bb][et_pb_row _builder_version=\u00a0\u00bb4.27.4&Prime; _module_preset=\u00a0\u00bbdefault\u00a0\u00bb max_width=\u00a0\u00bb1320px\u00a0\u00bb global_colors_info=\u00a0\u00bb{}\u00a0\u00bb][et_pb_column type=\u00a0\u00bb4_4&Prime; _builder_version=\u00a0\u00bb4.25.2&Prime; _module_preset=\u00a0\u00bbdefault\u00a0\u00bb global_colors_info=\u00a0\u00bb{}\u00a0\u00bb][et_pb_text _builder_version=\u00a0\u00bb4.27.5&Prime; _module_preset=\u00a0\u00bbdefault\u00a0\u00bb header_font=\u00a0\u00bbMontserrat|&#8211;et_global_body_font_weight|||||||\u00a0\u00bb header_text_color=\u00a0\u00bb#ceb352&Prime; header_font_size=\u00a0\u00bb36px\u00a0\u00bb header_line_height=\u00a0\u00bb1.4em\u00a0\u00bb custom_margin=\u00a0\u00bb-45px|||||\u00a0\u00bb global_colors_info=\u00a0\u00bb{}\u00a0\u00bb]<\/p>\n<h1 style=\"text-align: center;\">Contactez-nous\u00a0<\/h1>\n<p>[\/et_pb_text][\/et_pb_column][\/et_pb_row][et_pb_row column_structure=\u00a0\u00bb1_2,1_2&Prime; _builder_version=\u00a0\u00bb4.27.4&Prime; _module_preset=\u00a0\u00bbdefault\u00a0\u00bb max_width=\u00a0\u00bb1320px\u00a0\u00bb custom_padding=\u00a0\u00bb0px|||||\u00a0\u00bb global_colors_info=\u00a0\u00bb{}\u00a0\u00bb][et_pb_column type=\u00a0\u00bb1_2&Prime; _builder_version=\u00a0\u00bb4.25.2&Prime; _module_preset=\u00a0\u00bbdefault\u00a0\u00bb global_colors_info=\u00a0\u00bb{}\u00a0\u00bb][et_pb_text _builder_version=\u00a0\u00bb4.27.5&Prime; _module_preset=\u00a0\u00bbcfd30453-1916-4766-983d-0fe95c6c6b18&Prime; text_font=\u00a0\u00bbNunito|300|||||||\u00a0\u00bb text_text_color=\u00a0\u00bb#0e2536&Prime; text_font_size=\u00a0\u00bb18px\u00a0\u00bb header_font=\u00a0\u00bbMulish||||||||\u00a0\u00bb text_font_size_phone=\u00a0\u00bb18px\u00a0\u00bb global_colors_info=\u00a0\u00bb{}\u00a0\u00bb]<\/p>\n<p data-pm-slice=\"1 1 []\" style=\"text-align: justify;\">Vous \u00eates propri\u00e9taire d\u2019un bien \u00e0 Antibes ? \u00c9changeons simplement autour de vos besoins. Que vous souhaitiez d\u00e9l\u00e9guer la gestion de votre location saisonni\u00e8re ou confier la surveillance de votre r\u00e9sidence secondaire, Haven Home est \u00e0 vos c\u00f4t\u00e9s pour vous accompagner avec soin et transparence.<\/p>\n<p>Contactez-nous pour une estimation gratuite de votre bien ou une simple prise de contact nous serons ravis d\u2019en discuter autour d\u2019un caf\u00e9 ou d\u2019un appel.<\/p>\n<p>[\/et_pb_text][et_pb_blurb title=\u00a0\u00bbNum\u00e9ro de t\u00e9l\u00e9phone\u00a0\u00bb use_icon=\u00a0\u00bbon\u00a0\u00bb font_icon=\u00a0\u00bb&#xf10b;||fa||900&Prime; icon_placement=\u00a0\u00bbtop\u00a0\u00bb _builder_version=\u00a0\u00bb4.27.5&Prime; _module_preset=\u00a0\u00bb5e695d44-9d9f-4a78-bd3d-245301311fa0&Prime; header_font=\u00a0\u00bbNunito||||||||\u00a0\u00bb header_text_align=\u00a0\u00bbcenter\u00a0\u00bb header_text_color=\u00a0\u00bb#0e2735&Prime; header_line_height=\u00a0\u00bb1.8em\u00a0\u00bb body_font=\u00a0\u00bbNunito||||||||\u00a0\u00bb body_text_color=\u00a0\u00bb#0e2735&Prime; body_font_size=\u00a0\u00bb18px\u00a0\u00bb body_line_height=\u00a0\u00bb1.8em\u00a0\u00bb header_font_size_phone=\u00a0\u00bb18px\u00a0\u00bb global_colors_info=\u00a0\u00bb{}\u00a0\u00bb]<\/p>\n<p style=\"text-align: center;\">06.18.60.87.83<\/p>\n<p>[\/et_pb_blurb][et_pb_blurb title=\u00a0\u00bbEmail\u00a0\u00bb use_icon=\u00a0\u00bbon\u00a0\u00bb font_icon=\u00a0\u00bb&#xf658;||fa||900&Prime; icon_placement=\u00a0\u00bbtop\u00a0\u00bb _builder_version=\u00a0\u00bb4.27.5&Prime; _module_preset=\u00a0\u00bb5e695d44-9d9f-4a78-bd3d-245301311fa0&Prime; header_font=\u00a0\u00bbNunito||||||||\u00a0\u00bb header_text_align=\u00a0\u00bbcenter\u00a0\u00bb header_text_color=\u00a0\u00bb#0e2735&Prime; header_line_height=\u00a0\u00bb1.8em\u00a0\u00bb body_font=\u00a0\u00bbNunito||||||||\u00a0\u00bb body_text_align=\u00a0\u00bbcenter\u00a0\u00bb body_text_color=\u00a0\u00bb#0e2735&Prime; body_font_size=\u00a0\u00bb18px\u00a0\u00bb body_line_height=\u00a0\u00bb1.8em\u00a0\u00bb header_font_size_phone=\u00a0\u00bb18px\u00a0\u00bb border_style_all_image=\u00a0\u00bbdotted\u00a0\u00bb global_colors_info=\u00a0\u00bb{}\u00a0\u00bb]<\/p>\n<p>julien.pagnoux31@gmail.com<\/p>\n<p>[\/et_pb_blurb][et_pb_image src=\u00a0\u00bbhttps:\/\/haven-home.fr\/wp-content\/uploads\/2025\/10\/Design-sans-titre-34.png\u00a0\u00bb alt=\u00a0\u00bbHaven Home Antibes\u00a0\u00bb title_text=\u00a0\u00bbDesign sans titre (34)\u00a0\u00bb align=\u00a0\u00bbcenter\u00a0\u00bb _builder_version=\u00a0\u00bb4.27.4&Prime; _module_preset=\u00a0\u00bbdefault\u00a0\u00bb width=\u00a0\u00bb72%\u00a0\u00bb max_width=\u00a0\u00bb100%\u00a0\u00bb custom_margin=\u00a0\u00bb|||50px|false|false\u00a0\u00bb custom_padding=\u00a0\u00bb0px|||||\u00a0\u00bb global_colors_info=\u00a0\u00bb{}\u00a0\u00bb][\/et_pb_image][\/et_pb_column][et_pb_column type=\u00a0\u00bb1_2&Prime; _builder_version=\u00a0\u00bb4.27.4&Prime; _module_preset=\u00a0\u00bb56eb8e80-16a5-4679-98fa-bac67a494de6&Prime; global_colors_info=\u00a0\u00bb{}\u00a0\u00bb][et_pb_code _builder_version=\u00a0\u00bb4.27.4&Prime; _module_preset=\u00a0\u00bbdefault\u00a0\u00bb global_colors_info=\u00a0\u00bb{}\u00a0\u00bb]<iframe data-tally-src=\"https:\/\/tally.so\/embed\/mRXGAj?alignLeft=1&#038;hideTitle=1&#038;transparentBackground=1&#038;dynamicHeight=1\" loading=\"lazy\" width=\"100%\" height=\"200\" frameborder=\"0\" marginheight=\"0\" marginwidth=\"0\" title=\"Votre estimation<!-- [et_pb_line_break_holder] -->\u00ab\u00a0><\/iframe><!-- [et_pb_line_break_holder] --><script>var d=document,w=\"https:\/\/tally.so\/widgets\/embed.js\",v=function(){\"undefined\"!=typeof Tally?Tally.loadEmbeds():d.querySelectorAll(\"iframe[data-tally-src]:not([src])\").forEach((function(e){e.src=e.dataset.tallySrc}))};if(\"undefined\"!=typeof Tally)v();else if(d.querySelector('script[src=\"'+w+'\"]')==null){var s=d.createElement(\"script\");s.src=w,s.onload=v,s.onerror=v,d.body.appendChild(s);}<\/script>[\/et_pb_code][\/et_pb_column][\/et_pb_row][et_pb_row make_equal=\u00a0\u00bbon\u00a0\u00bb _builder_version=\u00a0\u00bb4.27.4&Prime; background_color=\u00a0\u00bb#ccae7f\u00a0\u00bb min_height=\u00a0\u00bb292px\u00a0\u00bb custom_margin=\u00a0\u00bb40px|auto|0px|auto|false|false\u00a0\u00bb custom_padding=\u00a0\u00bb0px||0px||true|false\u00a0\u00bb locked=\u00a0\u00bboff\u00a0\u00bb global_colors_info=\u00a0\u00bb{}\u00a0\u00bb][et_pb_column type=\u00a0\u00bb4_4&Prime; _builder_version=\u00a0\u00bb4.27.4&Prime; background_color=\u00a0\u00bb#ccaf7f\u00a0\u00bb custom_padding=\u00a0\u00bb30px|30px|30px|30px|true|true\u00a0\u00bb custom_padding_tablet=\u00a0\u00bb\u00a0\u00bb custom_padding_phone=\u00a0\u00bb|20px||20px|true|true\u00a0\u00bb custom_padding_last_edited=\u00a0\u00bbon|phone\u00a0\u00bb global_colors_info=\u00a0\u00bb{}\u00a0\u00bb][et_pb_text _builder_version=\u00a0\u00bb4.27.5&Prime; text_text_color=\u00a0\u00bb#283444&Prime; text_line_height=\u00a0\u00bb1.8em\u00a0\u00bb header_font=\u00a0\u00bbNunito|900|||||||\u00a0\u00bb header_text_color=\u00a0\u00bb#ddccb8&Prime; header_font_size=\u00a0\u00bb36px\u00a0\u00bb header_2_font=\u00a0\u00bbDarker Grotesque|900|||||||\u00a0\u00bb header_2_text_color=\u00a0\u00bb#ddccb8&Prime; header_2_font_size=\u00a0\u00bb36px\u00a0\u00bb header_3_font=\u00a0\u00bbNunito|300|||||||\u00a0\u00bb header_3_text_color=\u00a0\u00bb#283444&Prime; header_3_font_size=\u00a0\u00bb22px\u00a0\u00bb header_3_line_height=\u00a0\u00bb1.8em\u00a0\u00bb header_4_font=\u00a0\u00bbDarker Grotesque|900|||||||\u00a0\u00bb header_4_text_color=\u00a0\u00bb#ddccb8&Prime; header_4_font_size=\u00a0\u00bb36px\u00a0\u00bb header_5_font=\u00a0\u00bbDarker Grotesque|900|||||||\u00a0\u00bb header_5_text_color=\u00a0\u00bb#ddccb8&Prime; header_5_font_size=\u00a0\u00bb36px\u00a0\u00bb header_6_font=\u00a0\u00bbDarker Grotesque|900|||||||\u00a0\u00bb header_6_text_color=\u00a0\u00bb#ddccb8&Prime; header_6_font_size=\u00a0\u00bb36px\u00a0\u00bb text_orientation=\u00a0\u00bbcenter\u00a0\u00bb background_layout=\u00a0\u00bbdark\u00a0\u00bb max_width=\u00a0\u00bb800px\u00a0\u00bb module_alignment=\u00a0\u00bbcenter\u00a0\u00bb hover_enabled=\u00a0\u00bb0&Prime; header_font_size_tablet=\u00a0\u00bb30px\u00a0\u00bb header_font_size_phone=\u00a0\u00bb24px\u00a0\u00bb header_font_size_last_edited=\u00a0\u00bbon|phone\u00a0\u00bb header_2_font_size_tablet=\u00a0\u00bb30px\u00a0\u00bb header_2_font_size_phone=\u00a0\u00bb24px\u00a0\u00bb header_3_font_size_tablet=\u00a0\u00bb30px\u00a0\u00bb header_3_font_size_phone=\u00a0\u00bb22px\u00a0\u00bb header_3_font_size_last_edited=\u00a0\u00bbon|phone\u00a0\u00bb header_4_font_size_tablet=\u00a0\u00bb30px\u00a0\u00bb header_4_font_size_phone=\u00a0\u00bb24px\u00a0\u00bb header_5_font_size_tablet=\u00a0\u00bb30px\u00a0\u00bb header_5_font_size_phone=\u00a0\u00bb24px\u00a0\u00bb header_5_font_size_last_edited=\u00a0\u00bbon|phone\u00a0\u00bb header_6_font_size_tablet=\u00a0\u00bb30px\u00a0\u00bb header_6_font_size_phone=\u00a0\u00bb24px\u00a0\u00bb header_6_font_size_last_edited=\u00a0\u00bbon|phone\u00a0\u00bb locked=\u00a0\u00bboff\u00a0\u00bb global_colors_info=\u00a0\u00bb{}\u00a0\u00bb sticky_enabled=\u00a0\u00bb0&Prime;]<\/p>\n<h3 style=\"text-align: justify;\"><strong data-start=\"356\" data-end=\"387\">Votre avis nous int\u00e9resse ! <\/strong>Aidez-nous \u00e0 faire \u00e9voluer Haven Home en r\u00e9pondant \u00e0 ce court questionnaire.<\/h3>\n<p>[\/et_pb_text][et_pb_button button_url=\u00a0\u00bbhttps:\/\/tally.so\/r\/wd55oy\u00a0\u00bb button_text=\u00a0\u00bbDonner mon avis\u00a0\u00bb button_alignment=\u00a0\u00bbcenter\u00a0\u00bb _builder_version=\u00a0\u00bb4.27.5&Prime; custom_button=\u00a0\u00bbon\u00a0\u00bb button_text_size=\u00a0\u00bb16px\u00a0\u00bb button_text_color=\u00a0\u00bb#ffffff\u00a0\u00bb button_bg_color=\u00a0\u00bb#283444&Prime; button_border_width=\u00a0\u00bb2px\u00a0\u00bb button_border_color=\u00a0\u00bbrgba(0,0,0,0)\u00a0\u00bb button_border_radius=\u00a0\u00bb12px\u00a0\u00bb button_letter_spacing=\u00a0\u00bb2px\u00a0\u00bb button_font=\u00a0\u00bbPoppins|||on|||||\u00a0\u00bb button_use_icon=\u00a0\u00bboff\u00a0\u00bb custom_margin=\u00a0\u00bb||||false|false\u00a0\u00bb custom_padding=\u00a0\u00bb15px|40px|15px|40px|true|true\u00a0\u00bb button_text_size_tablet=\u00a0\u00bb20px\u00a0\u00bb button_text_size_phone=\u00a0\u00bb16px\u00a0\u00bb button_text_size_last_edited=\u00a0\u00bbon|phone\u00a0\u00bb locked=\u00a0\u00bboff\u00a0\u00bb global_colors_info=\u00a0\u00bb{}\u00a0\u00bb][\/et_pb_button][\/et_pb_column][\/et_pb_row][\/et_pb_section]<\/p>\n","protected":false},"excerpt":{"rendered":"<p>Contactez-nous\u00a0Vous \u00eates propri\u00e9taire d\u2019un bien \u00e0 Antibes ? \u00c9changeons simplement autour de vos besoins. Que vous souhaitiez d\u00e9l\u00e9guer la gestion de votre location saisonni\u00e8re ou confier la surveillance de votre r\u00e9sidence secondaire, Haven Home est \u00e0 vos c\u00f4t\u00e9s pour vous accompagner avec soin et transparence. Contactez-nous pour une estimation gratuite de votre bien ou une [&hellip;]<\/p>\n","protected":false},"author":1,"featured_media":0,"parent":0,"menu_order":0,"comment_status":"closed","ping_status":"closed","template":"","meta":{"_et_pb_use_builder":"on","_et_pb_old_content":"","_et_gb_content_width":"","footnotes":""},"class_list":["post-15","page","type-page","status-publish","hentry"],"_links":{"self":[{"href":"https:\/\/haven-home.fr\/index.php\/wp-json\/wp\/v2\/pages\/15","targetHints":{"allow":["GET"]}}],"collection":[{"href":"https:\/\/haven-home.fr\/index.php\/wp-json\/wp\/v2\/pages"}],"about":[{"href":"https:\/\/haven-home.fr\/index.php\/wp-json\/wp\/v2\/types\/page"}],"author":[{"embeddable":true,"href":"https:\/\/haven-home.fr\/index.php\/wp-json\/wp\/v2\/users\/1"}],"replies":[{"embeddable":true,"href":"https:\/\/haven-home.fr\/index.php\/wp-json\/wp\/v2\/comments?post=15"}],"version-history":[{"count":65,"href":"https:\/\/haven-home.fr\/index.php\/wp-json\/wp\/v2\/pages\/15\/revisions"}],"predecessor-version":[{"id":2602,"href":"https:\/\/haven-home.fr\/index.php\/wp-json\/wp\/v2\/pages\/15\/revisions\/2602"}],"wp:attachment":[{"href":"https:\/\/haven-home.fr\/index.php\/wp-json\/wp\/v2\/media?parent=15"}],"curies":[{"name":"wp","href":"https:\/\/api.w.org\/{rel}","templated":true}]}}